{"id":67294,"date":"2024-12-02T11:28:17","date_gmt":"2024-12-02T11:28:17","guid":{"rendered":"https:\/\/www.policlinicogemelli.it\/?page_id=67294"},"modified":"2025-10-29T11:45:24","modified_gmt":"2025-10-29T10:45:24","slug":"privacy-app-valvpath","status":"publish","type":"page","link":"https:\/\/www.policlinicogemelli.it\/en\/privacy-app-valvpath\/","title":{"rendered":"Informativa Privacy app \u201cValvpath\u201d"},"content":{"rendered":"\n<p class=\"has-text-align-center\"><strong><em>(AI SENSI DELL\u2019ART. 13 REGOLAMENTO UE 2016\/679) <\/em><\/strong><\/p>\n\n\n\n<p><strong>NECESSIT\u00c0 DELL\u2019INFORMATIVA <\/strong><br>Il Regolamento UE 2016\/679 del Parlamento e del Consiglio Europeo relativo alla protezione delle persone fisiche con riguardo al trattamento dei dati personali, nonch\u00e9 alla libera circolazione di tali dati (di seguito GDPR EU 2016\/679) garantisce che il trattamento dei dati personali si svolga nel rispetto dei diritti e delle libert\u00e0 fondamentali delle persone fisiche, con particolare riferimento alla riservatezza ed al diritto di protezione dei dati personali. In particolare, la Fondazione intende offrire ai Medici un servizio digitale per la presa in carico del paziente affetto da valvulopatie e per favorire la comunicazione tra Medici di competenza. <\/p>\n\n\n\n<p><strong>TITOLARE DEL TRATTAMENTO <\/strong><br>Fondazione Policlinico Universitario Agostino Gemelli IRCCS con sede in Largo Francesco Vito n. 1, 00168 Roma \u00e8 il Titolare del trattamento dei dati personali. <\/p>\n\n\n\n<p><strong>DATA PROTECTION OFFICER <\/strong><br>La Fondazione Policlinico Universitario Agostino Gemelli IRCCS ai sensi dell\u2019articolo 37 del GDPR EU 2016\/679, ha designato il Data Protection Officer (DPO) contattabile all\u2019indirizzo e-mail: dpo@policlinicogemelli.it e\/o dpo.gemelli@pec.it <\/p>\n\n\n\n<p><strong>TIPOLOGIA DI DATI TRATTATI <\/strong><br>Per la finalit\u00e0 di trattamento saranno raccolti: <\/p>\n\n\n\n<ul class=\"wp-block-list\">\n<li>Dati Personali<sup>1<\/sup> Comuni (es. nome, cognome, codice fiscale e dati di contatto) del Medico. <\/li>\n<\/ul>\n\n\n\n<p><strong>FINALIT\u00c0 DEL TRATTAMENTO E BASE GIURIDICA <\/strong><br>I dati saranno trattati per la seguente finalit\u00e0: <\/p>\n\n\n\n<ul class=\"wp-block-list\">\n<li>Gestione delle attivit\u00e0 connesse all\u2019iscrizione all\u2019interno e all\u2019uso dell\u2019APP, in esecuzione di un contratto di cui il Medico (Utente) \u00e8 parte (art. 6 par. 1 lett. b del Regolamento UE 2016\/679).<\/li>\n<\/ul>\n\n\n\n<p><strong>MODALIT\u00c0 DEL TRATTAMENTO <\/strong><br>Tale servizio \u00e8 disponibile accedendo all\u2019APP \u201cVALVPATH\u201d presente sugli store Google Play e Apple. <\/p>\n\n\n\n<p><strong>Registrazione al Sistema <br><\/strong>L\u2019accesso del Medico al Servizio (Utente) potr\u00e0 avvenire con la seguente modalit\u00e0: &#8211; il Medico per essere registrato al Sistema, inserisce i propri dati anagrafici e di contatto. All\u2019esito l\u2019autocandidatura dovr\u00e0 essere validata da un membro del Team Valvole. <\/p>\n\n\n\n<p><strong>Autenticazione<\/strong> <br>Attraverso l\u2019inserimento delle proprie credenziali e di un codice OTP inviato dal Sistema e ricevuto sul cellulare dell\u2019Utente (Autenticazione a pi\u00f9 fattori) il medico effettuer\u00e0 l\u2019accesso al Sistema. <\/p>\n\n\n\n<p><strong>Richiesta di inserimento di un paziente in un Percorso Valvole <br><\/strong>Dopo essersi autenticato il Medico, previa sottoposizione dell\u2019informativa e raccolta del consenso del paziente, potr\u00e0 proporre il paziente stesso quale candidato al percorso valvole, mediante la compilazione di un questionario step by step, e presentato dinamicamente al medico. Le risposte alle domande presentate daranno le necessarie informazioni per la presa in carico o meno del paziente. Nel caso in cui il paziente possa accedere al percorso, il medico utente potr\u00e0 allegare dei documenti a completamento del quadro clinico. Il Medico proponente, quale Titolare del trattamento dei dati del paziente proposto, dovr\u00e0 provvedere a nominare Fondazione Policlinico Universitario Agostino Gemelli IRCCS quale Responsabile del trattamento dei dati ai sensi degli art. 4.8 e 28 del GDPR 2016\/679 secondo lo schema di seguito riportato. Tale nomina \u00e8 riferita alle attivit\u00e0 del trattamento dati che Fondazione eseguir\u00e0 fino alla presa in carico del paziente. <\/p>\n\n\n\n<p><strong>Consultazione Stato Paziente <br><\/strong>Attraverso questa funzionalit\u00e0, il medico potr\u00e0 seguire l\u2019evoluzione dei propri pazienti all\u2019interno del percorso (le evoluzioni saranno comunicate dagli utenti del Team Valvole attraverso la pubblicazione di documenti (come, ad esempio, la lettera di dimissione post-operatorio). <\/p>\n\n\n\n<p><strong>COMUNICAZIONE E DIFFUSIONE DEI DATI <\/strong><br>I dati potranno essere trattati anche con la collaborazione di soggetti terzi espressamente nominati dal Titolare quali Responsabili (ai sensi dell\u2019art. 28 del GDPR 2016\/679) o Autorizzati del trattamento (ai sensi dell\u2019art. 29 del GDPR 2016\/679).<\/p>\n\n\n\n<p><strong>REVOCA DEL CONSENSO <\/strong><br>La informiamo che ai sensi dell\u2019art. 7, paragrafo 3 del GDPR EU 2016\/679, potr\u00e0 in ogni momento recedere dal servizio attraverso l\u2019APP. La revoca del consenso non pregiudica la liceit\u00e0 del trattamento basato sul consenso rilasciato prima della revoca. <\/p>\n\n\n\n<p><strong>TEMPI DI CONSERVAZIONE DEI DATI <\/strong><br>I dati oggetto di trattamento per la finalit\u00e0 sopraindicata saranno conservati nel rispetto dei principi di proporzionalit\u00e0 e necessit\u00e0. In particolare: &#8211; I dati personali del Medico Utente saranno conservati per tutto il periodo di fruizione del servizio e cancellati entro 30 giorni dalla cessazione (cancellazione\/disiscrizione) dell\u2019iscrizione dell\u2019Utente dal Sistema. &#8211; &#8211; I Dati Personali<sup>2<\/sup> (Comuni e particolari) dei Paziente non ammessi saranno conservati per un periodo non superiore a 72 ore dalla comunicazione di mancata ammissione al percorso; I dati Personali dei Pazienti ammessi saranno conservati per tutta la durata della partecipazione al percorso valvulopatie ed all\u2019esito cancellati entro 30 giorni successivi. <\/p>\n\n\n\n<p><strong>DIRITTI DELL\u2019INTERESSATO <\/strong><br>Ai sensi degli artt. 15, 16, 17, 18, e 21 del GDPR EU 2016\/679, La informiamo che: a. ha il diritto di chiedere al Titolare del trattamento l&#8217;accesso ai dati personali, la rettifica, l\u2019integrazione, la cancellazione degli stessi, la limitazione del trattamento dei dati che la riguardano o di opporsi al trattamento degli stessi qualora ricorrano i presupposti previsti dal GDPR EU 2016\/679; b. potr\u00e0 esercitare i diritti di cui alla lettera a) scrivendo a Fondazione Policlinico Universitario Agostino Gemelli IRCCS all\u2019indirizzo di cui sopra, oppure inviando una e-mail al Data Protection Officer (DPO) della Fondazione all\u2019indirizzo dpo@policlinicogemelli.it e\/o dpo.gemelli@pec.it; c. ha il diritto di proporre un reclamo al Garante per la protezione dei dati personali, seguendo le procedure e le indicazioni pubblicate sul sito web ufficiale dell\u2019Autorit\u00e0: www.garanteprivacy.it<\/p>\n\n\n<style>.wp-block-kadence-spacer.kt-block-spacer-67293_16eb85-3e .kt-block-spacer{height:20px;}.wp-block-kadence-spacer.kt-block-spacer-67293_16eb85-3e .kt-divider{border-top-width:1px;height:1px;border-top-color:#eee;width:80%;border-top-style:solid;}<\/style>\n<div class=\"wp-block-kadence-spacer aligncenter kt-block-spacer-67293_16eb85-3e\"><div class=\"kt-block-spacer kt-block-spacer-halign-center\"><hr class=\"kt-divider\" \/><\/div><\/div>\n\n\n\n<p class=\"has-small-font-size\"><em>1 Per &#8220;dato personale&#8221; si intende qualunque informazione relativa a persona fisica, identificata o identificabile, anche indirettamente, mediante riferimento a qualsiasi altra informazione, ivi compreso un numero di identificazione personale<\/em><\/p>\n\n\n\n<p><\/p>\n","protected":false},"excerpt":{"rendered":"<p>(AI SENSI DELL\u2019ART. 13 REGOLAMENTO UE 2016\/679) NECESSIT\u00c0 DELL\u2019INFORMATIVA Il Regolamento UE 2016\/679 del Parlamento e del Consiglio Europeo relativo alla protezione delle persone fisiche con riguardo al trattamento dei dati personali, nonch\u00e9 alla libera circolazione di tali dati (di seguito GDPR EU 2016\/679) garantisce che il trattamento dei dati personali si svolga nel rispetto [&hellip;]<\/p>\n","protected":false},"author":3,"featured_media":0,"parent":0,"menu_order":0,"comment_status":"closed","ping_status":"closed","template":"templates\/page-kf-full.php","meta":{"_acf_changed":false,"_coblocks_attr":"","_coblocks_dimensions":"","_coblocks_responsive_height":"","_coblocks_accordion_ie_support":"","_genesis_hide_title":false,"_genesis_hide_breadcrumbs":false,"_genesis_hide_singular_image":false,"_genesis_hide_footer_widgets":false,"_genesis_custom_body_class":"","_genesis_custom_post_class":"","_genesis_layout":"","footnotes":""},"class_list":{"0":"post-67294","1":"page","2":"type-page","3":"status-publish","5":"entry"},"acf":[],"yoast_head":"<!-- This site is optimized with the Yoast SEO plugin v27.4 - https:\/\/yoast.com\/product\/yoast-seo-wordpress\/ -->\n<title>Informativa Privacy app \u201cValvpath\u201d - Policlinico Universitario Agostino Gemelli IRCCS<\/title>\n<meta name=\"robots\" content=\"index, follow, max-snippet:-1, max-image-preview:large, max-video-preview:-1\" \/>\n<link rel=\"canonical\" href=\"https:\/\/www.policlinicogemelli.it\/en\/privacy-app-valvpath\/\" \/>\n<meta property=\"og:locale\" content=\"en_US\" \/>\n<meta property=\"og:type\" content=\"article\" \/>\n<meta property=\"og:title\" content=\"Informativa Privacy app \u201cValvpath\u201d - Policlinico Universitario Agostino Gemelli IRCCS\" \/>\n<meta property=\"og:description\" content=\"(AI SENSI DELL\u2019ART. 13 REGOLAMENTO UE 2016\/679) NECESSIT\u00c0 DELL\u2019INFORMATIVA Il Regolamento UE 2016\/679 del Parlamento e del Consiglio Europeo relativo alla protezione delle persone fisiche con riguardo al trattamento dei dati personali, nonch\u00e9 alla libera circolazione di tali dati (di seguito GDPR EU 2016\/679) garantisce che il trattamento dei dati personali si svolga nel rispetto [&hellip;]\" \/>\n<meta property=\"og:url\" content=\"https:\/\/www.policlinicogemelli.it\/en\/privacy-app-valvpath\/\" \/>\n<meta property=\"og:site_name\" content=\"Policlinico Universitario Agostino Gemelli IRCCS\" \/>\n<meta property=\"article:modified_time\" content=\"2025-10-29T10:45:24+00:00\" \/>\n<meta property=\"og:image\" content=\"https:\/\/www.policlinicogemelli.it\/wp-content\/uploads\/2023\/06\/Share_Gemelli.png\" \/>\n\t<meta property=\"og:image:width\" content=\"1200\" \/>\n\t<meta property=\"og:image:height\" content=\"630\" \/>\n\t<meta property=\"og:image:type\" content=\"image\/png\" \/>\n<meta name=\"twitter:card\" content=\"summary_large_image\" \/>\n<meta name=\"twitter:label1\" content=\"Est. reading time\" \/>\n\t<meta name=\"twitter:data1\" content=\"4 minutes\" \/>\n<script type=\"application\/ld+json\" class=\"yoast-schema-graph\">{\"@context\":\"https:\\\/\\\/schema.org\",\"@graph\":[{\"@type\":\"WebPage\",\"@id\":\"https:\\\/\\\/www.policlinicogemelli.it\\\/en\\\/privacy-app-valvpath\\\/\",\"url\":\"https:\\\/\\\/www.policlinicogemelli.it\\\/en\\\/privacy-app-valvpath\\\/\",\"name\":\"Informativa Privacy app \u201cValvpath\u201d - Policlinico Universitario Agostino Gemelli IRCCS\",\"isPartOf\":{\"@id\":\"https:\\\/\\\/www.policlinicogemelli.it\\\/en\\\/#website\"},\"datePublished\":\"2024-12-02T11:28:17+00:00\",\"dateModified\":\"2025-10-29T10:45:24+00:00\",\"breadcrumb\":{\"@id\":\"https:\\\/\\\/www.policlinicogemelli.it\\\/en\\\/privacy-app-valvpath\\\/#breadcrumb\"},\"inLanguage\":\"en-US\",\"potentialAction\":[{\"@type\":\"ReadAction\",\"target\":[\"https:\\\/\\\/www.policlinicogemelli.it\\\/en\\\/privacy-app-valvpath\\\/\"]}]},{\"@type\":\"BreadcrumbList\",\"@id\":\"https:\\\/\\\/www.policlinicogemelli.it\\\/en\\\/privacy-app-valvpath\\\/#breadcrumb\",\"itemListElement\":[{\"@type\":\"ListItem\",\"position\":1,\"name\":\"Home\",\"item\":\"https:\\\/\\\/www.policlinicogemelli.it\\\/en\\\/\"},{\"@type\":\"ListItem\",\"position\":2,\"name\":\"Informativa Privacy app \u201cValvpath\u201d\"}]},{\"@type\":\"WebSite\",\"@id\":\"https:\\\/\\\/www.policlinicogemelli.it\\\/en\\\/#website\",\"url\":\"https:\\\/\\\/www.policlinicogemelli.it\\\/en\\\/\",\"name\":\"Policlinico Universitario Agostino Gemelli IRCCS\",\"description\":\"Policlinico Universitario Agostino Gemelli IRCCS\",\"publisher\":{\"@id\":\"https:\\\/\\\/www.policlinicogemelli.it\\\/en\\\/#organization\"},\"potentialAction\":[{\"@type\":\"SearchAction\",\"target\":{\"@type\":\"EntryPoint\",\"urlTemplate\":\"https:\\\/\\\/www.policlinicogemelli.it\\\/en\\\/?s={search_term_string}\"},\"query-input\":{\"@type\":\"PropertyValueSpecification\",\"valueRequired\":true,\"valueName\":\"search_term_string\"}}],\"inLanguage\":\"en-US\"},{\"@type\":\"Organization\",\"@id\":\"https:\\\/\\\/www.policlinicogemelli.it\\\/en\\\/#organization\",\"name\":\"Policlinico Universitario Agostino Gemelli IRCCS\",\"url\":\"https:\\\/\\\/www.policlinicogemelli.it\\\/en\\\/\",\"logo\":{\"@type\":\"ImageObject\",\"inLanguage\":\"en-US\",\"@id\":\"https:\\\/\\\/www.policlinicogemelli.it\\\/en\\\/#\\\/schema\\\/logo\\\/image\\\/\",\"url\":\"https:\\\/\\\/www.policlinicogemelli.it\\\/wp-content\\\/uploads\\\/2019\\\/02\\\/logo-policlinico-gemelli-250-trasp-color-1.png\",\"contentUrl\":\"https:\\\/\\\/www.policlinicogemelli.it\\\/wp-content\\\/uploads\\\/2019\\\/02\\\/logo-policlinico-gemelli-250-trasp-color-1.png\",\"width\":250,\"height\":82,\"caption\":\"Policlinico Universitario Agostino Gemelli IRCCS\"},\"image\":{\"@id\":\"https:\\\/\\\/www.policlinicogemelli.it\\\/en\\\/#\\\/schema\\\/logo\\\/image\\\/\"}}]}<\/script>\n<!-- \/ Yoast SEO plugin. -->","yoast_head_json":{"title":"Informativa Privacy app \u201cValvpath\u201d - Policlinico Universitario Agostino Gemelli IRCCS","robots":{"index":"index","follow":"follow","max-snippet":"max-snippet:-1","max-image-preview":"max-image-preview:large","max-video-preview":"max-video-preview:-1"},"canonical":"https:\/\/www.policlinicogemelli.it\/en\/privacy-app-valvpath\/","og_locale":"en_US","og_type":"article","og_title":"Informativa Privacy app \u201cValvpath\u201d - Policlinico Universitario Agostino Gemelli IRCCS","og_description":"(AI SENSI DELL\u2019ART. 13 REGOLAMENTO UE 2016\/679) NECESSIT\u00c0 DELL\u2019INFORMATIVA Il Regolamento UE 2016\/679 del Parlamento e del Consiglio Europeo relativo alla protezione delle persone fisiche con riguardo al trattamento dei dati personali, nonch\u00e9 alla libera circolazione di tali dati (di seguito GDPR EU 2016\/679) garantisce che il trattamento dei dati personali si svolga nel rispetto [&hellip;]","og_url":"https:\/\/www.policlinicogemelli.it\/en\/privacy-app-valvpath\/","og_site_name":"Policlinico Universitario Agostino Gemelli IRCCS","article_modified_time":"2025-10-29T10:45:24+00:00","og_image":[{"width":1200,"height":630,"url":"https:\/\/www.policlinicogemelli.it\/wp-content\/uploads\/2023\/06\/Share_Gemelli.png","type":"image\/png"}],"twitter_card":"summary_large_image","twitter_misc":{"Est. reading time":"4 minutes"},"schema":{"@context":"https:\/\/schema.org","@graph":[{"@type":"WebPage","@id":"https:\/\/www.policlinicogemelli.it\/en\/privacy-app-valvpath\/","url":"https:\/\/www.policlinicogemelli.it\/en\/privacy-app-valvpath\/","name":"Informativa Privacy app \u201cValvpath\u201d - Policlinico Universitario Agostino Gemelli IRCCS","isPartOf":{"@id":"https:\/\/www.policlinicogemelli.it\/en\/#website"},"datePublished":"2024-12-02T11:28:17+00:00","dateModified":"2025-10-29T10:45:24+00:00","breadcrumb":{"@id":"https:\/\/www.policlinicogemelli.it\/en\/privacy-app-valvpath\/#breadcrumb"},"inLanguage":"en-US","potentialAction":[{"@type":"ReadAction","target":["https:\/\/www.policlinicogemelli.it\/en\/privacy-app-valvpath\/"]}]},{"@type":"BreadcrumbList","@id":"https:\/\/www.policlinicogemelli.it\/en\/privacy-app-valvpath\/#breadcrumb","itemListElement":[{"@type":"ListItem","position":1,"name":"Home","item":"https:\/\/www.policlinicogemelli.it\/en\/"},{"@type":"ListItem","position":2,"name":"Informativa Privacy app \u201cValvpath\u201d"}]},{"@type":"WebSite","@id":"https:\/\/www.policlinicogemelli.it\/en\/#website","url":"https:\/\/www.policlinicogemelli.it\/en\/","name":"Policlinico Universitario Agostino Gemelli IRCCS","description":"Policlinico Universitario Agostino Gemelli IRCCS","publisher":{"@id":"https:\/\/www.policlinicogemelli.it\/en\/#organization"},"potentialAction":[{"@type":"SearchAction","target":{"@type":"EntryPoint","urlTemplate":"https:\/\/www.policlinicogemelli.it\/en\/?s={search_term_string}"},"query-input":{"@type":"PropertyValueSpecification","valueRequired":true,"valueName":"search_term_string"}}],"inLanguage":"en-US"},{"@type":"Organization","@id":"https:\/\/www.policlinicogemelli.it\/en\/#organization","name":"Policlinico Universitario Agostino Gemelli IRCCS","url":"https:\/\/www.policlinicogemelli.it\/en\/","logo":{"@type":"ImageObject","inLanguage":"en-US","@id":"https:\/\/www.policlinicogemelli.it\/en\/#\/schema\/logo\/image\/","url":"https:\/\/www.policlinicogemelli.it\/wp-content\/uploads\/2019\/02\/logo-policlinico-gemelli-250-trasp-color-1.png","contentUrl":"https:\/\/www.policlinicogemelli.it\/wp-content\/uploads\/2019\/02\/logo-policlinico-gemelli-250-trasp-color-1.png","width":250,"height":82,"caption":"Policlinico Universitario Agostino Gemelli IRCCS"},"image":{"@id":"https:\/\/www.policlinicogemelli.it\/en\/#\/schema\/logo\/image\/"}}]}},"featured_image_src":null,"featured_image_src_square":null,"rest_api_enabler":[],"_links":{"self":[{"href":"https:\/\/www.policlinicogemelli.it\/en\/wp-json\/wp\/v2\/pages\/67294","targetHints":{"allow":["GET"]}}],"collection":[{"href":"https:\/\/www.policlinicogemelli.it\/en\/wp-json\/wp\/v2\/pages"}],"about":[{"href":"https:\/\/www.policlinicogemelli.it\/en\/wp-json\/wp\/v2\/types\/page"}],"author":[{"embeddable":true,"href":"https:\/\/www.policlinicogemelli.it\/en\/wp-json\/wp\/v2\/users\/3"}],"replies":[{"embeddable":true,"href":"https:\/\/www.policlinicogemelli.it\/en\/wp-json\/wp\/v2\/comments?post=67294"}],"version-history":[{"count":2,"href":"https:\/\/www.policlinicogemelli.it\/en\/wp-json\/wp\/v2\/pages\/67294\/revisions"}],"predecessor-version":[{"id":73185,"href":"https:\/\/www.policlinicogemelli.it\/en\/wp-json\/wp\/v2\/pages\/67294\/revisions\/73185"}],"wp:attachment":[{"href":"https:\/\/www.policlinicogemelli.it\/en\/wp-json\/wp\/v2\/media?parent=67294"}],"curies":[{"name":"wp","href":"https:\/\/api.w.org\/{rel}","templated":true}]}}