{"id":44828,"date":"2022-05-02T07:30:42","date_gmt":"2022-05-02T07:30:42","guid":{"rendered":"https:\/\/www.policlinicogemelli.it\/?page_id=44828"},"modified":"2024-06-07T10:05:34","modified_gmt":"2024-06-07T10:05:34","slug":"donna-con-tumore-maligno-della-vulva","status":"publish","type":"page","link":"https:\/\/www.policlinicogemelli.it\/en\/patient-services\/care-pathways\/donna-con-tumore-maligno-della-vulva\/","title":{"rendered":"Il Percorso Clinico-Assistenziale dedicato alla persona dedicato alla donna con Tumore Maligno della Vulva"},"content":{"rendered":"<style>.wp-block-kadence-advancedheading.kt-adv-heading_de9f37-ae, .wp-block-kadence-advancedheading.kt-adv-heading_de9f37-ae[data-kb-block=\"kb-adv-heading_de9f37-ae\"]{font-style:normal;}.wp-block-kadence-advancedheading.kt-adv-heading_de9f37-ae mark.kt-highlight, .wp-block-kadence-advancedheading.kt-adv-heading_de9f37-ae[data-kb-block=\"kb-adv-heading_de9f37-ae\"] mark.kt-highlight{font-style:normal;color:#f76a0c;-webkit-box-decoration-break:clone;box-decoration-break:clone;padding-top:0px;padding-right:0px;padding-bottom:0px;padding-left:0px;}.wp-block-kadence-advancedheading.kt-adv-heading_de9f37-ae img.kb-inline-image, .wp-block-kadence-advancedheading.kt-adv-heading_de9f37-ae[data-kb-block=\"kb-adv-heading_de9f37-ae\"] img.kb-inline-image{width:150px;vertical-align:baseline;}<\/style>\n<h2 class=\"kt-adv-heading_de9f37-ae wp-block-kadence-advancedheading\" data-kb-block=\"kb-adv-heading_de9f37-ae\">Che cos\u2019\u00e8 il Tumore Maligno della Vulva<\/h2>\n\n\n\n<p>Il carcinoma invasivo della vulva rappresenta circa il 5% delle neoplasie del tratto genitale femminile. L\u2019incidenza annuale \u00e8 di 1-2\/100.000 donne. Viene diagnosticato pi\u00f9 frequentemente nelle donne con et\u00e0 compresa fra i 65 e 74 anni e globalmente rappresenta &lt;1% dei tumori che colpiscono il genere femminile.<\/p>\n\n\n\n<p>L\u2019istotipo pi\u00f9 frequente \u00e8 il carcinoma squamocellulare, che costituisce da solo l\u201985-90% dei tumori maligni della vulva. Seguono il melanoma maligno (2.4-5%), il carcinoma della Ghiandola di Bartolini (1-3%), il Paget invasivo o intraepiteliale, il sarcoma, il tumore metastatico della vulva e il carcinoma basocellulare.<\/p>\n\n\n\n<p>Al momento della diagnosi, circa il 60% dei tumori vulvari viene identificato quando \u00e8 ancora confinato alla regione vulvare.&nbsp; Il trattamento standard consiste nella chirurgia vulvare associata o meno a stadiazione linfonodale inguinale e &#8211; in casi selezionati \u2013 anche a resezione parziale di uretra, vagina, ano o eviscerazione pelvica. Gli interventi chirurgici pi\u00f9 estesi sono associati a tassi di morbilit\u00e0 pi\u00f9 elevati, scarsa qualit\u00e0 di vita e severe complicanze post-operatorie. Negli anni, l&#8217;integrazione con altri trattamenti, come la radio-chemioterapia o la brachiterapia, ha migliorato i risultati clinici.<\/p>\n\n\n<style>.wp-block-kadence-advancedheading.kt-adv-heading_e9cd70-3f, .wp-block-kadence-advancedheading.kt-adv-heading_e9cd70-3f[data-kb-block=\"kb-adv-heading_e9cd70-3f\"]{font-style:normal;}.wp-block-kadence-advancedheading.kt-adv-heading_e9cd70-3f mark.kt-highlight, .wp-block-kadence-advancedheading.kt-adv-heading_e9cd70-3f[data-kb-block=\"kb-adv-heading_e9cd70-3f\"] mark.kt-highlight{font-style:normal;color:#f76a0c;-webkit-box-decoration-break:clone;box-decoration-break:clone;padding-top:0px;padding-right:0px;padding-bottom:0px;padding-left:0px;}.wp-block-kadence-advancedheading.kt-adv-heading_e9cd70-3f img.kb-inline-image, .wp-block-kadence-advancedheading.kt-adv-heading_e9cd70-3f[data-kb-block=\"kb-adv-heading_e9cd70-3f\"] img.kb-inline-image{width:150px;vertical-align:baseline;}<\/style>\n<h2 class=\"kt-adv-heading_e9cd70-3f wp-block-kadence-advancedheading\" data-kb-block=\"kb-adv-heading_e9cd70-3f\">Il Percorso Clinico-Assistenziale<\/h2>\n\n\n\n<p>L\u2019attivazione del PCA dedicato alla donna con Tumore Maligno della Vulva presso la Fondazione Policlinico Universitario Agostino Gemelli IRCCS nasce dall\u2019esigenza di garantire un preciso inquadramento della paziente al fine di proporle il migliore trattamento terapeutico, sulla base delle linee guida e raccomandazioni internazionali con applicazione delle pi\u00f9 recenti evoluzioni tecnologiche a disposizione.<\/p>\n\n\n\n<p>Il Percorso intende supportare gli specialisti del Gemelli e orientare i medici del territorio nella decisione terapeutica per consentire il miglior trattamento in caso di sospetto e costruire insieme alla persona un percorso assistenziale personalizzato.<\/p>\n\n\n\n<p>Riducendo la discrezionalit\u00e0 del singolo nella decisione terapeutica anche attraverso meccanismi di valutazione multidisciplinare, sar\u00e0 possibile avere pi\u00f9 appropriatezza, meno sprechi per le strutture ospedaliere e per il sistema sanitario e, soprattutto, un miglioramento della qualit\u00e0 di vita per le pazienti.<\/p>\n\n\n<style>.wp-block-kadence-advancedheading.kt-adv-heading_61ee83-ef, .wp-block-kadence-advancedheading.kt-adv-heading_61ee83-ef[data-kb-block=\"kb-adv-heading_61ee83-ef\"]{font-style:normal;}.wp-block-kadence-advancedheading.kt-adv-heading_61ee83-ef mark.kt-highlight, .wp-block-kadence-advancedheading.kt-adv-heading_61ee83-ef[data-kb-block=\"kb-adv-heading_61ee83-ef\"] mark.kt-highlight{font-style:normal;color:#f76a0c;-webkit-box-decoration-break:clone;box-decoration-break:clone;padding-top:0px;padding-right:0px;padding-bottom:0px;padding-left:0px;}.wp-block-kadence-advancedheading.kt-adv-heading_61ee83-ef img.kb-inline-image, .wp-block-kadence-advancedheading.kt-adv-heading_61ee83-ef[data-kb-block=\"kb-adv-heading_61ee83-ef\"] img.kb-inline-image{width:150px;vertical-align:baseline;}<\/style>\n<h2 class=\"kt-adv-heading_61ee83-ef wp-block-kadence-advancedheading\" data-kb-block=\"kb-adv-heading_61ee83-ef\">Come contattarci<\/h2>\n\n\n\n<p>\u00c8 possibile contattare il team di percorso al seguente indirizzo: <a href=\"mailto:patologiavulvare@policlinicogemelli.it\">patologiavulvare@policlinicogemelli.it<\/a><\/p>\n\n\n\n<p>Oppure, in caso di diagnosi accertata, \u00e8 possibile accedere al percorso contattando lo Sportello Gemelli-Cancro<\/p>\n\n\n\n<ul class=\"wp-block-list\">\n<li>Tel.:&nbsp;<a href=\"tel:+390630157080\" target=\"_blank\" rel=\"noreferrer noopener\"><strong>06 3015.7080<\/strong><\/a>&nbsp;(dal luned\u00ec al venerd\u00ec dalle 9:00 alle 13:00)<\/li>\n\n\n\n<li>E-mail: <a href=\"mailto:sportello.oncologico@policlinicogemelli.it\">sportello.oncologico@policlinicogemelli.it<\/a><\/li>\n<\/ul>\n\n\n\n<p>Per la&nbsp;<strong>prenotazione online<\/strong>, cliccare al seguente link:&nbsp;<a href=\"https:\/\/www.policlinicogemelli.it\/prenotazioni-online\/\" target=\"_blank\" rel=\"noreferrer noopener\"><strong>Prenota online<\/strong><\/a><\/p>\n\n\n\n<p>\u00c8 inoltre disponibile il&nbsp;<strong>Centro unico di Prenotazione SSN&nbsp;<\/strong>al seguente numero<strong>:&nbsp;<\/strong>Tel.&nbsp;<a href=\"tel:+390688805560\" target=\"_blank\" rel=\"noreferrer noopener\"><strong>06 8880.5560<\/strong><\/a><\/p>\n\n\n\n<p>Per la&nbsp;<strong>prenotazione online in regime privato<\/strong>, cliccare al seguente link:&nbsp;<a href=\"http:\/\/privato.policlinicogemelli.it\/\" target=\"_blank\" rel=\"noreferrer noopener\"><strong>Prenota online<\/strong><\/a>&nbsp;Oppure contattare telefonicamente al seguente numero: Tel.&nbsp;<a href=\"tel:+390688818881\" target=\"_blank\" rel=\"noreferrer noopener\"><strong>06 8881.8881<\/strong><\/a><\/p>\n","protected":false},"excerpt":{"rendered":"<p>Che cos\u2019\u00e8 il Tumore Maligno della Vulva Il carcinoma invasivo della vulva rappresenta circa il 5% delle neoplasie del tratto genitale femminile. L\u2019incidenza annuale \u00e8 di 1-2\/100.000 donne. Viene diagnosticato pi\u00f9 frequentemente nelle donne con et\u00e0 compresa fra i 65 e 74 anni e globalmente rappresenta &lt;1% dei tumori che colpiscono il genere femminile. L\u2019istotipo [&hellip;]<\/p>\n","protected":false},"author":3,"featured_media":0,"parent":22236,"menu_order":0,"comment_status":"closed","ping_status":"closed","template":"templates\/page-kf-full.php","meta":{"_acf_changed":false,"_coblocks_attr":"","_coblocks_dimensions":"","_coblocks_responsive_height":"","_coblocks_accordion_ie_support":"","_genesis_hide_title":false,"_genesis_hide_breadcrumbs":false,"_genesis_hide_singular_image":false,"_genesis_hide_footer_widgets":false,"_genesis_custom_body_class":"","_genesis_custom_post_class":"","_genesis_layout":"","footnotes":""},"class_list":{"0":"post-44828","1":"page","2":"type-page","3":"status-publish","5":"entry"},"acf":[],"yoast_head":"<!-- This site is optimized with the Yoast SEO plugin v27.6 - https:\/\/yoast.com\/product\/yoast-seo-wordpress\/ -->\n<title>Il Percorso Clinico-Assistenziale dedicato alla persona dedicato alla donna con Tumore Maligno della Vulva - Policlinico Universitario Agostino Gemelli IRCCS<\/title>\n<meta name=\"robots\" content=\"index, follow, max-snippet:-1, max-image-preview:large, max-video-preview:-1\" \/>\n<link rel=\"canonical\" href=\"https:\/\/www.policlinicogemelli.it\/en\/patient-services\/care-pathways\/donna-con-tumore-maligno-della-vulva\/\" \/>\n<meta property=\"og:locale\" content=\"en_US\" \/>\n<meta property=\"og:type\" content=\"article\" \/>\n<meta property=\"og:title\" content=\"Il Percorso Clinico-Assistenziale dedicato alla persona dedicato alla donna con Tumore Maligno della Vulva - Policlinico Universitario Agostino Gemelli IRCCS\" \/>\n<meta property=\"og:description\" content=\"Che cos\u2019\u00e8 il Tumore Maligno della Vulva Il carcinoma invasivo della vulva rappresenta circa il 5% delle neoplasie del tratto genitale femminile. L\u2019incidenza annuale \u00e8 di 1-2\/100.000 donne. Viene diagnosticato pi\u00f9 frequentemente nelle donne con et\u00e0 compresa fra i 65 e 74 anni e globalmente rappresenta &lt;1% dei tumori che colpiscono il genere femminile. L\u2019istotipo [&hellip;]\" \/>\n<meta property=\"og:url\" content=\"https:\/\/www.policlinicogemelli.it\/en\/patient-services\/care-pathways\/donna-con-tumore-maligno-della-vulva\/\" \/>\n<meta property=\"og:site_name\" content=\"Policlinico Universitario Agostino Gemelli IRCCS\" \/>\n<meta property=\"article:modified_time\" content=\"2024-06-07T10:05:34+00:00\" \/>\n<meta property=\"og:image\" content=\"https:\/\/www.policlinicogemelli.it\/wp-content\/uploads\/2023\/06\/Share_Gemelli.png\" \/>\n\t<meta property=\"og:image:width\" content=\"1200\" \/>\n\t<meta property=\"og:image:height\" content=\"630\" \/>\n\t<meta property=\"og:image:type\" content=\"image\/png\" \/>\n<meta name=\"twitter:card\" content=\"summary_large_image\" \/>\n<meta name=\"twitter:label1\" content=\"Est. reading time\" \/>\n\t<meta name=\"twitter:data1\" content=\"2 minutes\" \/>\n<script type=\"application\/ld+json\" class=\"yoast-schema-graph\">{\"@context\":\"https:\\\/\\\/schema.org\",\"@graph\":[{\"@type\":\"WebPage\",\"@id\":\"https:\\\/\\\/www.policlinicogemelli.it\\\/en\\\/patient-services\\\/care-pathways\\\/donna-con-tumore-maligno-della-vulva\\\/\",\"url\":\"https:\\\/\\\/www.policlinicogemelli.it\\\/en\\\/patient-services\\\/care-pathways\\\/donna-con-tumore-maligno-della-vulva\\\/\",\"name\":\"Il Percorso Clinico-Assistenziale dedicato alla persona dedicato alla donna con Tumore Maligno della Vulva - Policlinico Universitario Agostino Gemelli IRCCS\",\"isPartOf\":{\"@id\":\"https:\\\/\\\/www.policlinicogemelli.it\\\/en\\\/#website\"},\"datePublished\":\"2022-05-02T07:30:42+00:00\",\"dateModified\":\"2024-06-07T10:05:34+00:00\",\"breadcrumb\":{\"@id\":\"https:\\\/\\\/www.policlinicogemelli.it\\\/en\\\/patient-services\\\/care-pathways\\\/donna-con-tumore-maligno-della-vulva\\\/#breadcrumb\"},\"inLanguage\":\"en-US\",\"potentialAction\":[{\"@type\":\"ReadAction\",\"target\":[\"https:\\\/\\\/www.policlinicogemelli.it\\\/en\\\/patient-services\\\/care-pathways\\\/donna-con-tumore-maligno-della-vulva\\\/\"]}]},{\"@type\":\"BreadcrumbList\",\"@id\":\"https:\\\/\\\/www.policlinicogemelli.it\\\/en\\\/patient-services\\\/care-pathways\\\/donna-con-tumore-maligno-della-vulva\\\/#breadcrumb\",\"itemListElement\":[{\"@type\":\"ListItem\",\"position\":1,\"name\":\"Home\",\"item\":\"https:\\\/\\\/www.policlinicogemelli.it\\\/en\\\/\"},{\"@type\":\"ListItem\",\"position\":2,\"name\":\"Patient Services\",\"item\":\"https:\\\/\\\/www.policlinicogemelli.it\\\/en\\\/patient-services\\\/\"},{\"@type\":\"ListItem\",\"position\":3,\"name\":\"Care pathways\",\"item\":\"https:\\\/\\\/www.policlinicogemelli.it\\\/en\\\/patient-services\\\/care-pathways\\\/\"},{\"@type\":\"ListItem\",\"position\":4,\"name\":\"Il Percorso Clinico-Assistenziale dedicato alla persona dedicato alla donna con Tumore Maligno della Vulva\"}]},{\"@type\":\"WebSite\",\"@id\":\"https:\\\/\\\/www.policlinicogemelli.it\\\/en\\\/#website\",\"url\":\"https:\\\/\\\/www.policlinicogemelli.it\\\/en\\\/\",\"name\":\"Policlinico Universitario Agostino Gemelli IRCCS\",\"description\":\"Policlinico Universitario Agostino Gemelli IRCCS\",\"publisher\":{\"@id\":\"https:\\\/\\\/www.policlinicogemelli.it\\\/en\\\/#organization\"},\"potentialAction\":[{\"@type\":\"SearchAction\",\"target\":{\"@type\":\"EntryPoint\",\"urlTemplate\":\"https:\\\/\\\/www.policlinicogemelli.it\\\/en\\\/?s={search_term_string}\"},\"query-input\":{\"@type\":\"PropertyValueSpecification\",\"valueRequired\":true,\"valueName\":\"search_term_string\"}}],\"inLanguage\":\"en-US\"},{\"@type\":\"Organization\",\"@id\":\"https:\\\/\\\/www.policlinicogemelli.it\\\/en\\\/#organization\",\"name\":\"Policlinico Universitario Agostino Gemelli IRCCS\",\"url\":\"https:\\\/\\\/www.policlinicogemelli.it\\\/en\\\/\",\"logo\":{\"@type\":\"ImageObject\",\"inLanguage\":\"en-US\",\"@id\":\"https:\\\/\\\/www.policlinicogemelli.it\\\/en\\\/#\\\/schema\\\/logo\\\/image\\\/\",\"url\":\"https:\\\/\\\/www.policlinicogemelli.it\\\/wp-content\\\/uploads\\\/2019\\\/02\\\/logo-policlinico-gemelli-250-trasp-color-1.png\",\"contentUrl\":\"https:\\\/\\\/www.policlinicogemelli.it\\\/wp-content\\\/uploads\\\/2019\\\/02\\\/logo-policlinico-gemelli-250-trasp-color-1.png\",\"width\":250,\"height\":82,\"caption\":\"Policlinico Universitario Agostino Gemelli IRCCS\"},\"image\":{\"@id\":\"https:\\\/\\\/www.policlinicogemelli.it\\\/en\\\/#\\\/schema\\\/logo\\\/image\\\/\"}}]}<\/script>\n<!-- \/ Yoast SEO plugin. -->","yoast_head_json":{"title":"Il Percorso Clinico-Assistenziale dedicato alla persona dedicato alla donna con Tumore Maligno della Vulva - Policlinico Universitario Agostino Gemelli IRCCS","robots":{"index":"index","follow":"follow","max-snippet":"max-snippet:-1","max-image-preview":"max-image-preview:large","max-video-preview":"max-video-preview:-1"},"canonical":"https:\/\/www.policlinicogemelli.it\/en\/patient-services\/care-pathways\/donna-con-tumore-maligno-della-vulva\/","og_locale":"en_US","og_type":"article","og_title":"Il Percorso Clinico-Assistenziale dedicato alla persona dedicato alla donna con Tumore Maligno della Vulva - Policlinico Universitario Agostino Gemelli IRCCS","og_description":"Che cos\u2019\u00e8 il Tumore Maligno della Vulva Il carcinoma invasivo della vulva rappresenta circa il 5% delle neoplasie del tratto genitale femminile. L\u2019incidenza annuale \u00e8 di 1-2\/100.000 donne. Viene diagnosticato pi\u00f9 frequentemente nelle donne con et\u00e0 compresa fra i 65 e 74 anni e globalmente rappresenta &lt;1% dei tumori che colpiscono il genere femminile. L\u2019istotipo [&hellip;]","og_url":"https:\/\/www.policlinicogemelli.it\/en\/patient-services\/care-pathways\/donna-con-tumore-maligno-della-vulva\/","og_site_name":"Policlinico Universitario Agostino Gemelli IRCCS","article_modified_time":"2024-06-07T10:05:34+00:00","og_image":[{"width":1200,"height":630,"url":"https:\/\/www.policlinicogemelli.it\/wp-content\/uploads\/2023\/06\/Share_Gemelli.png","type":"image\/png"}],"twitter_card":"summary_large_image","twitter_misc":{"Est. reading time":"2 minutes"},"schema":{"@context":"https:\/\/schema.org","@graph":[{"@type":"WebPage","@id":"https:\/\/www.policlinicogemelli.it\/en\/patient-services\/care-pathways\/donna-con-tumore-maligno-della-vulva\/","url":"https:\/\/www.policlinicogemelli.it\/en\/patient-services\/care-pathways\/donna-con-tumore-maligno-della-vulva\/","name":"Il Percorso Clinico-Assistenziale dedicato alla persona dedicato alla donna con Tumore Maligno della Vulva - Policlinico Universitario Agostino Gemelli IRCCS","isPartOf":{"@id":"https:\/\/www.policlinicogemelli.it\/en\/#website"},"datePublished":"2022-05-02T07:30:42+00:00","dateModified":"2024-06-07T10:05:34+00:00","breadcrumb":{"@id":"https:\/\/www.policlinicogemelli.it\/en\/patient-services\/care-pathways\/donna-con-tumore-maligno-della-vulva\/#breadcrumb"},"inLanguage":"en-US","potentialAction":[{"@type":"ReadAction","target":["https:\/\/www.policlinicogemelli.it\/en\/patient-services\/care-pathways\/donna-con-tumore-maligno-della-vulva\/"]}]},{"@type":"BreadcrumbList","@id":"https:\/\/www.policlinicogemelli.it\/en\/patient-services\/care-pathways\/donna-con-tumore-maligno-della-vulva\/#breadcrumb","itemListElement":[{"@type":"ListItem","position":1,"name":"Home","item":"https:\/\/www.policlinicogemelli.it\/en\/"},{"@type":"ListItem","position":2,"name":"Patient Services","item":"https:\/\/www.policlinicogemelli.it\/en\/patient-services\/"},{"@type":"ListItem","position":3,"name":"Care pathways","item":"https:\/\/www.policlinicogemelli.it\/en\/patient-services\/care-pathways\/"},{"@type":"ListItem","position":4,"name":"Il Percorso Clinico-Assistenziale dedicato alla persona dedicato alla donna con Tumore Maligno della Vulva"}]},{"@type":"WebSite","@id":"https:\/\/www.policlinicogemelli.it\/en\/#website","url":"https:\/\/www.policlinicogemelli.it\/en\/","name":"Policlinico Universitario Agostino Gemelli IRCCS","description":"Policlinico Universitario Agostino Gemelli IRCCS","publisher":{"@id":"https:\/\/www.policlinicogemelli.it\/en\/#organization"},"potentialAction":[{"@type":"SearchAction","target":{"@type":"EntryPoint","urlTemplate":"https:\/\/www.policlinicogemelli.it\/en\/?s={search_term_string}"},"query-input":{"@type":"PropertyValueSpecification","valueRequired":true,"valueName":"search_term_string"}}],"inLanguage":"en-US"},{"@type":"Organization","@id":"https:\/\/www.policlinicogemelli.it\/en\/#organization","name":"Policlinico Universitario Agostino Gemelli IRCCS","url":"https:\/\/www.policlinicogemelli.it\/en\/","logo":{"@type":"ImageObject","inLanguage":"en-US","@id":"https:\/\/www.policlinicogemelli.it\/en\/#\/schema\/logo\/image\/","url":"https:\/\/www.policlinicogemelli.it\/wp-content\/uploads\/2019\/02\/logo-policlinico-gemelli-250-trasp-color-1.png","contentUrl":"https:\/\/www.policlinicogemelli.it\/wp-content\/uploads\/2019\/02\/logo-policlinico-gemelli-250-trasp-color-1.png","width":250,"height":82,"caption":"Policlinico Universitario Agostino Gemelli IRCCS"},"image":{"@id":"https:\/\/www.policlinicogemelli.it\/en\/#\/schema\/logo\/image\/"}}]}},"featured_image_src":null,"featured_image_src_square":null,"rest_api_enabler":[],"_links":{"self":[{"href":"https:\/\/www.policlinicogemelli.it\/en\/wp-json\/wp\/v2\/pages\/44828","targetHints":{"allow":["GET"]}}],"collection":[{"href":"https:\/\/www.policlinicogemelli.it\/en\/wp-json\/wp\/v2\/pages"}],"about":[{"href":"https:\/\/www.policlinicogemelli.it\/en\/wp-json\/wp\/v2\/types\/page"}],"author":[{"embeddable":true,"href":"https:\/\/www.policlinicogemelli.it\/en\/wp-json\/wp\/v2\/users\/3"}],"replies":[{"embeddable":true,"href":"https:\/\/www.policlinicogemelli.it\/en\/wp-json\/wp\/v2\/comments?post=44828"}],"version-history":[{"count":0,"href":"https:\/\/www.policlinicogemelli.it\/en\/wp-json\/wp\/v2\/pages\/44828\/revisions"}],"up":[{"embeddable":true,"href":"https:\/\/www.policlinicogemelli.it\/en\/wp-json\/wp\/v2\/pages\/22236"}],"wp:attachment":[{"href":"https:\/\/www.policlinicogemelli.it\/en\/wp-json\/wp\/v2\/media?parent=44828"}],"curies":[{"name":"wp","href":"https:\/\/api.w.org\/{rel}","templated":true}]}}