{"id":44554,"date":"2022-04-14T08:07:27","date_gmt":"2022-04-14T08:07:27","guid":{"rendered":"https:\/\/www.policlinicogemelli.it\/?page_id=44554"},"modified":"2024-03-15T10:40:27","modified_gmt":"2024-03-15T10:40:27","slug":"centro-di-procreazione-medicalmente-assistita-cpma","status":"publish","type":"page","link":"https:\/\/www.policlinicogemelli.it\/en\/centers\/centro-di-procreazione-medicalmente-assistita-cpma\/","title":{"rendered":"Centro di Procreazione Medicalmente Assistita (CPMA)"},"content":{"rendered":"\n<p>Il Centro di Procreazione Medicalmente Assistita (CPMA), centro di PMA di I livello che fa parte della UOS di Diagnostica e Terapia Medica della Sterilit\u00e0 coniugale che si occupa anche di <meta charset=\"utf-8\">Ginecologia Disfunzionale, offre cicli di iperstimolazione ovarica controllata (induzione farmacologica dell\u2019ovulazione multipla con monitoraggio della crescita follicolare tramite controlli ecografici e dosaggi ormonali) associati a rapporti mirati (RM) o ad inseminazione intrauterina (IUI), tecnica di aiuto all\u2019atto coniugale per raggiungere il suo scopo in modo naturale. <\/p>\n\n\n\n<p>Il Centro affonda i suoi principi sulla personalizzazione dell\u2019aiuto fornito e sulla gradualit\u00e0 dell\u2019intervento al fine dell\u2019ottenimento della gravidanza; difatti ad ogni coppia viene offerto un iniziale inquadramento diagnostico ginecologico\/andrologico\/endocrinologico per individuare e, se possibile correggere, le eventuali cause di sterilit\u00e0 senza ricorrere necessariamente alla PMA. Per affrontare in modo complessivo e globale il problema dell\u2019infertilit\u00e0 di coppia viene inoltre offerta una consulenza psicologica\/bioetica sui concetti di procreazione e genitorialit\u00e0 .<\/p>\n\n\n\n<p>Nel nostro centro \u00e8 inoltre possibile effettuare l\u2019Isterosonosalpingografia per la valutazione&nbsp; della perviet\u00e0 delle tube.<\/p>\n\n\n\n<h3 class=\"wp-block-heading\"><meta charset=\"utf-8\">UOS di Diagnostica e Terapia Medica della Sterilit\u00e0 coniugale<\/h3>\n\n\n\n<p>L&#8217;unit\u00e0 operativa, <meta charset=\"utf-8\">che si occupa anche di <meta charset=\"utf-8\">Ginecologia Disfunzionale, si fa carico della salute femminile dai 3-4 anni fino all\u2019et\u00e0 adulta. La salute riproduttiva femminile non inizia infatti al momento della prima mestruazione, ma affonda le sue radici addirittura nella vita intrauterina. In et\u00e0 infantile possono manifestarsi quadri endocrini che hanno ripercussioni in ambito ginecologico; inoltre, la patologia malformativa, infettiva e neoplastica degli organi sessuali primari e secondari essendo molto rara rappresenta un campo che spesso sfugge alla pratica clinica standard del pediatra e necessita per questo una presa in carico ultra-specialistica. L\u2019obiettivo \u00e8 quello di offrire un servizio in grado di prendere in carico la vita riproduttiva della paziente, accompagnandola con una gestione di alta professionalit\u00e0 fin dall\u2019infanzia e attraverso l\u2019adolescenza e l\u2019inizio della vita fertile. Grazie alla possibilit\u00e0 di inquadramento clinico e laboratoristico-strumentale multispecialistica, si pu\u00f2 fornire alle pazienti una presa in carico globale con la possibilit\u00e0 di consulenze di altri specialisti (nutrizionista, psicologo, dermatologo, chirurgico, endocrinologico ecc.).<\/p>\n\n\n\n<p>Complessivamente i&nbsp; \u201cquadri\u201d da noi trattati sono i seguenti:<\/p>\n\n\n\n<ul class=\"wp-block-list\">\n<li>le pubert\u00e0 precoci e il loro trattamento e follow-up qualora idiopatiche<\/li>\n\n\n\n<li>la gestione di altre forme secondarie di iperandrogenismo clinico<\/li>\n\n\n\n<li>i quadri di pubert\u00e0 ritardata in adolescenza<\/li>\n\n\n\n<li>le anomalie della differenziazione sessuale, come gli pseudoermafroditismi<\/li>\n\n\n\n<li>le infezioni dell\u2019apparato genitale in et\u00e0 pediatrica<\/li>\n\n\n\n<li>la dismenorrea e le anomalie di ritmo, quantit\u00e0 e durata della mestruazione (amenorrea ipotalamica, policistosi ovarica)<\/li>\n\n\n\n<li>le malformazioni congenite<\/li>\n\n\n\n<li>l\u2019educazione sessuale in infanzia e adolescenza<\/li>\n\n\n\n<li>i disturbi di genere fino alle disforie<\/li>\n\n\n\n<li>i disturbi del comportamento alimentare (sempre pi\u00f9 frequenti in et\u00e0 prepubere)<\/li>\n\n\n\n<li>le neoplasie di ovaie, utero e genitali esterni nell\u2019infanzia<\/li>\n\n\n\n<li>l\u2019inquadramento e gestione dei traumi dei genitali esterni<\/li>\n\n\n\n<li>gli abusi sessuali<\/li>\n<\/ul>\n\n\n<style>.wp-block-kadence-spacer.kt-block-spacer-_56dd84-a0 .kt-block-spacer{height:60px;}.wp-block-kadence-spacer.kt-block-spacer-_56dd84-a0 .kt-divider{border-top-width:1px;height:1px;border-top-color:#eee;width:80%;border-top-style:solid;}<\/style>\n<div class=\"wp-block-kadence-spacer aligncenter kt-block-spacer-_56dd84-a0\"><div class=\"kt-block-spacer kt-block-spacer-halign-center\"><hr class=\"kt-divider\"\/><\/div><\/div>\n\n\n\n<h2 class=\"wp-block-heading has-text-align-center\">Si accede all\u2019Ambulatorio di Sterilit\u00e0 e al Centro di&nbsp;<strong>P<\/strong>rocreazione&nbsp;<strong>M<\/strong>edicalmente&nbsp;<strong>A<\/strong>ssistita (PMA)<br>contattando il numero&nbsp;<strong><a href=\"tel:0630155872\">06 3015.5872<\/a><\/strong><br>(luned\u00ec-gioved\u00ec 9:00\/13:00, venerd\u00ec 9:00\/12:00) o tramite email a:&nbsp;<em>ginecologia.disfunzionale@policlinicogemelli.it<\/em><\/h2>\n\n\n<style>.wp-block-kadence-spacer.kt-block-spacer-_f7ab7a-74 .kt-block-spacer{height:20px;}.wp-block-kadence-spacer.kt-block-spacer-_f7ab7a-74 .kt-divider{border-top-width:1px;height:1px;border-top-color:#eee;width:80%;border-top-style:solid;}<\/style>\n<div class=\"wp-block-kadence-spacer aligncenter kt-block-spacer-_f7ab7a-74\"><div class=\"kt-block-spacer kt-block-spacer-halign-center\"><hr class=\"kt-divider\"\/><\/div><\/div>\n\n\n\n<p><strong>Medici afferenti al Centro:<br><\/strong><em>Prof.ssa\u00a0Rosanna\u00a0Apa<\/em><br><em>Dott.ssa\u00a0Anna\u00a0Tropea<\/em><br><em>Dott.ssa Annamaria Merola<br>Dott.ssa Alice Diterlizzi<\/em><\/p>\n","protected":false},"excerpt":{"rendered":"<p>Il Centro di Procreazione Medicalmente Assistita (CPMA), centro di PMA di I livello che fa parte della UOS di Diagnostica e Terapia Medica della Sterilit\u00e0 coniugale che si occupa anche di Ginecologia Disfunzionale, offre cicli di iperstimolazione ovarica controllata (induzione farmacologica dell\u2019ovulazione multipla con monitoraggio della crescita follicolare tramite controlli ecografici e dosaggi ormonali) associati [&hellip;]<\/p>\n","protected":false},"author":3,"featured_media":0,"parent":20776,"menu_order":0,"comment_status":"closed","ping_status":"closed","template":"templates\/page-kf-full.php","meta":{"_acf_changed":false,"_coblocks_attr":"","_coblocks_dimensions":"","_coblocks_responsive_height":"","_coblocks_accordion_ie_support":"","_genesis_hide_title":false,"_genesis_hide_breadcrumbs":false,"_genesis_hide_singular_image":false,"_genesis_hide_footer_widgets":false,"_genesis_custom_body_class":"","_genesis_custom_post_class":"","_genesis_layout":"","footnotes":""},"class_list":{"0":"post-44554","1":"page","2":"type-page","3":"status-publish","5":"entry"},"acf":[],"yoast_head":"<!-- This site is optimized with the Yoast SEO plugin v27.5 - https:\/\/yoast.com\/product\/yoast-seo-wordpress\/ -->\n<title>Centro di Procreazione Medicalmente Assistita (CPMA) - Policlinico Universitario Agostino Gemelli IRCCS<\/title>\n<meta name=\"robots\" content=\"index, follow, max-snippet:-1, max-image-preview:large, max-video-preview:-1\" \/>\n<link rel=\"canonical\" href=\"https:\/\/www.policlinicogemelli.it\/en\/centers\/centro-di-procreazione-medicalmente-assistita-cpma\/\" \/>\n<meta property=\"og:locale\" content=\"en_US\" \/>\n<meta property=\"og:type\" content=\"article\" \/>\n<meta property=\"og:title\" content=\"Centro di Procreazione Medicalmente Assistita (CPMA) - Policlinico Universitario Agostino Gemelli IRCCS\" \/>\n<meta property=\"og:description\" content=\"Il Centro di Procreazione Medicalmente Assistita (CPMA), centro di PMA di I livello che fa parte della UOS di Diagnostica e Terapia Medica della Sterilit\u00e0 coniugale che si occupa anche di Ginecologia Disfunzionale, offre cicli di iperstimolazione ovarica controllata (induzione farmacologica dell\u2019ovulazione multipla con monitoraggio della crescita follicolare tramite controlli ecografici e dosaggi ormonali) associati [&hellip;]\" \/>\n<meta property=\"og:url\" content=\"https:\/\/www.policlinicogemelli.it\/en\/centers\/centro-di-procreazione-medicalmente-assistita-cpma\/\" \/>\n<meta property=\"og:site_name\" content=\"Policlinico Universitario Agostino Gemelli IRCCS\" \/>\n<meta property=\"article:modified_time\" content=\"2024-03-15T10:40:27+00:00\" \/>\n<meta property=\"og:image\" content=\"https:\/\/www.policlinicogemelli.it\/wp-content\/uploads\/2023\/06\/Share_Gemelli.png\" \/>\n\t<meta property=\"og:image:width\" content=\"1200\" \/>\n\t<meta property=\"og:image:height\" content=\"630\" \/>\n\t<meta property=\"og:image:type\" content=\"image\/png\" \/>\n<meta name=\"twitter:card\" content=\"summary_large_image\" \/>\n<meta name=\"twitter:label1\" content=\"Est. reading time\" \/>\n\t<meta name=\"twitter:data1\" content=\"3 minutes\" \/>\n<script type=\"application\/ld+json\" class=\"yoast-schema-graph\">{\"@context\":\"https:\\\/\\\/schema.org\",\"@graph\":[{\"@type\":\"WebPage\",\"@id\":\"https:\\\/\\\/www.policlinicogemelli.it\\\/en\\\/centers\\\/centro-di-procreazione-medicalmente-assistita-cpma\\\/\",\"url\":\"https:\\\/\\\/www.policlinicogemelli.it\\\/en\\\/centers\\\/centro-di-procreazione-medicalmente-assistita-cpma\\\/\",\"name\":\"Centro di Procreazione Medicalmente Assistita (CPMA) - Policlinico Universitario Agostino Gemelli IRCCS\",\"isPartOf\":{\"@id\":\"https:\\\/\\\/www.policlinicogemelli.it\\\/en\\\/#website\"},\"datePublished\":\"2022-04-14T08:07:27+00:00\",\"dateModified\":\"2024-03-15T10:40:27+00:00\",\"breadcrumb\":{\"@id\":\"https:\\\/\\\/www.policlinicogemelli.it\\\/en\\\/centers\\\/centro-di-procreazione-medicalmente-assistita-cpma\\\/#breadcrumb\"},\"inLanguage\":\"en-US\",\"potentialAction\":[{\"@type\":\"ReadAction\",\"target\":[\"https:\\\/\\\/www.policlinicogemelli.it\\\/en\\\/centers\\\/centro-di-procreazione-medicalmente-assistita-cpma\\\/\"]}]},{\"@type\":\"BreadcrumbList\",\"@id\":\"https:\\\/\\\/www.policlinicogemelli.it\\\/en\\\/centers\\\/centro-di-procreazione-medicalmente-assistita-cpma\\\/#breadcrumb\",\"itemListElement\":[{\"@type\":\"ListItem\",\"position\":1,\"name\":\"Home\",\"item\":\"https:\\\/\\\/www.policlinicogemelli.it\\\/en\\\/\"},{\"@type\":\"ListItem\",\"position\":2,\"name\":\"Centers\",\"item\":\"https:\\\/\\\/www.policlinicogemelli.it\\\/en\\\/centers\\\/\"},{\"@type\":\"ListItem\",\"position\":3,\"name\":\"Centro di Procreazione Medicalmente Assistita (CPMA)\"}]},{\"@type\":\"WebSite\",\"@id\":\"https:\\\/\\\/www.policlinicogemelli.it\\\/en\\\/#website\",\"url\":\"https:\\\/\\\/www.policlinicogemelli.it\\\/en\\\/\",\"name\":\"Policlinico Universitario Agostino Gemelli IRCCS\",\"description\":\"Policlinico Universitario Agostino Gemelli IRCCS\",\"publisher\":{\"@id\":\"https:\\\/\\\/www.policlinicogemelli.it\\\/en\\\/#organization\"},\"potentialAction\":[{\"@type\":\"SearchAction\",\"target\":{\"@type\":\"EntryPoint\",\"urlTemplate\":\"https:\\\/\\\/www.policlinicogemelli.it\\\/en\\\/?s={search_term_string}\"},\"query-input\":{\"@type\":\"PropertyValueSpecification\",\"valueRequired\":true,\"valueName\":\"search_term_string\"}}],\"inLanguage\":\"en-US\"},{\"@type\":\"Organization\",\"@id\":\"https:\\\/\\\/www.policlinicogemelli.it\\\/en\\\/#organization\",\"name\":\"Policlinico Universitario Agostino Gemelli IRCCS\",\"url\":\"https:\\\/\\\/www.policlinicogemelli.it\\\/en\\\/\",\"logo\":{\"@type\":\"ImageObject\",\"inLanguage\":\"en-US\",\"@id\":\"https:\\\/\\\/www.policlinicogemelli.it\\\/en\\\/#\\\/schema\\\/logo\\\/image\\\/\",\"url\":\"https:\\\/\\\/www.policlinicogemelli.it\\\/wp-content\\\/uploads\\\/2019\\\/02\\\/logo-policlinico-gemelli-250-trasp-color-1.png\",\"contentUrl\":\"https:\\\/\\\/www.policlinicogemelli.it\\\/wp-content\\\/uploads\\\/2019\\\/02\\\/logo-policlinico-gemelli-250-trasp-color-1.png\",\"width\":250,\"height\":82,\"caption\":\"Policlinico Universitario Agostino Gemelli IRCCS\"},\"image\":{\"@id\":\"https:\\\/\\\/www.policlinicogemelli.it\\\/en\\\/#\\\/schema\\\/logo\\\/image\\\/\"}}]}<\/script>\n<!-- \/ Yoast SEO plugin. -->","yoast_head_json":{"title":"Centro di Procreazione Medicalmente Assistita (CPMA) - Policlinico Universitario Agostino Gemelli IRCCS","robots":{"index":"index","follow":"follow","max-snippet":"max-snippet:-1","max-image-preview":"max-image-preview:large","max-video-preview":"max-video-preview:-1"},"canonical":"https:\/\/www.policlinicogemelli.it\/en\/centers\/centro-di-procreazione-medicalmente-assistita-cpma\/","og_locale":"en_US","og_type":"article","og_title":"Centro di Procreazione Medicalmente Assistita (CPMA) - Policlinico Universitario Agostino Gemelli IRCCS","og_description":"Il Centro di Procreazione Medicalmente Assistita (CPMA), centro di PMA di I livello che fa parte della UOS di Diagnostica e Terapia Medica della Sterilit\u00e0 coniugale che si occupa anche di Ginecologia Disfunzionale, offre cicli di iperstimolazione ovarica controllata (induzione farmacologica dell\u2019ovulazione multipla con monitoraggio della crescita follicolare tramite controlli ecografici e dosaggi ormonali) associati [&hellip;]","og_url":"https:\/\/www.policlinicogemelli.it\/en\/centers\/centro-di-procreazione-medicalmente-assistita-cpma\/","og_site_name":"Policlinico Universitario Agostino Gemelli IRCCS","article_modified_time":"2024-03-15T10:40:27+00:00","og_image":[{"width":1200,"height":630,"url":"https:\/\/www.policlinicogemelli.it\/wp-content\/uploads\/2023\/06\/Share_Gemelli.png","type":"image\/png"}],"twitter_card":"summary_large_image","twitter_misc":{"Est. reading time":"3 minutes"},"schema":{"@context":"https:\/\/schema.org","@graph":[{"@type":"WebPage","@id":"https:\/\/www.policlinicogemelli.it\/en\/centers\/centro-di-procreazione-medicalmente-assistita-cpma\/","url":"https:\/\/www.policlinicogemelli.it\/en\/centers\/centro-di-procreazione-medicalmente-assistita-cpma\/","name":"Centro di Procreazione Medicalmente Assistita (CPMA) - Policlinico Universitario Agostino Gemelli IRCCS","isPartOf":{"@id":"https:\/\/www.policlinicogemelli.it\/en\/#website"},"datePublished":"2022-04-14T08:07:27+00:00","dateModified":"2024-03-15T10:40:27+00:00","breadcrumb":{"@id":"https:\/\/www.policlinicogemelli.it\/en\/centers\/centro-di-procreazione-medicalmente-assistita-cpma\/#breadcrumb"},"inLanguage":"en-US","potentialAction":[{"@type":"ReadAction","target":["https:\/\/www.policlinicogemelli.it\/en\/centers\/centro-di-procreazione-medicalmente-assistita-cpma\/"]}]},{"@type":"BreadcrumbList","@id":"https:\/\/www.policlinicogemelli.it\/en\/centers\/centro-di-procreazione-medicalmente-assistita-cpma\/#breadcrumb","itemListElement":[{"@type":"ListItem","position":1,"name":"Home","item":"https:\/\/www.policlinicogemelli.it\/en\/"},{"@type":"ListItem","position":2,"name":"Centers","item":"https:\/\/www.policlinicogemelli.it\/en\/centers\/"},{"@type":"ListItem","position":3,"name":"Centro di Procreazione Medicalmente Assistita (CPMA)"}]},{"@type":"WebSite","@id":"https:\/\/www.policlinicogemelli.it\/en\/#website","url":"https:\/\/www.policlinicogemelli.it\/en\/","name":"Policlinico Universitario Agostino Gemelli IRCCS","description":"Policlinico Universitario Agostino Gemelli IRCCS","publisher":{"@id":"https:\/\/www.policlinicogemelli.it\/en\/#organization"},"potentialAction":[{"@type":"SearchAction","target":{"@type":"EntryPoint","urlTemplate":"https:\/\/www.policlinicogemelli.it\/en\/?s={search_term_string}"},"query-input":{"@type":"PropertyValueSpecification","valueRequired":true,"valueName":"search_term_string"}}],"inLanguage":"en-US"},{"@type":"Organization","@id":"https:\/\/www.policlinicogemelli.it\/en\/#organization","name":"Policlinico Universitario Agostino Gemelli IRCCS","url":"https:\/\/www.policlinicogemelli.it\/en\/","logo":{"@type":"ImageObject","inLanguage":"en-US","@id":"https:\/\/www.policlinicogemelli.it\/en\/#\/schema\/logo\/image\/","url":"https:\/\/www.policlinicogemelli.it\/wp-content\/uploads\/2019\/02\/logo-policlinico-gemelli-250-trasp-color-1.png","contentUrl":"https:\/\/www.policlinicogemelli.it\/wp-content\/uploads\/2019\/02\/logo-policlinico-gemelli-250-trasp-color-1.png","width":250,"height":82,"caption":"Policlinico Universitario Agostino Gemelli IRCCS"},"image":{"@id":"https:\/\/www.policlinicogemelli.it\/en\/#\/schema\/logo\/image\/"}}]}},"featured_image_src":null,"featured_image_src_square":null,"rest_api_enabler":[],"_links":{"self":[{"href":"https:\/\/www.policlinicogemelli.it\/en\/wp-json\/wp\/v2\/pages\/44554","targetHints":{"allow":["GET"]}}],"collection":[{"href":"https:\/\/www.policlinicogemelli.it\/en\/wp-json\/wp\/v2\/pages"}],"about":[{"href":"https:\/\/www.policlinicogemelli.it\/en\/wp-json\/wp\/v2\/types\/page"}],"author":[{"embeddable":true,"href":"https:\/\/www.policlinicogemelli.it\/en\/wp-json\/wp\/v2\/users\/3"}],"replies":[{"embeddable":true,"href":"https:\/\/www.policlinicogemelli.it\/en\/wp-json\/wp\/v2\/comments?post=44554"}],"version-history":[{"count":0,"href":"https:\/\/www.policlinicogemelli.it\/en\/wp-json\/wp\/v2\/pages\/44554\/revisions"}],"up":[{"embeddable":true,"href":"https:\/\/www.policlinicogemelli.it\/en\/wp-json\/wp\/v2\/pages\/20776"}],"wp:attachment":[{"href":"https:\/\/www.policlinicogemelli.it\/en\/wp-json\/wp\/v2\/media?parent=44554"}],"curies":[{"name":"wp","href":"https:\/\/api.w.org\/{rel}","templated":true}]}}