{"id":31037,"date":"2020-10-01T08:43:59","date_gmt":"2020-10-01T08:43:59","guid":{"rendered":"https:\/\/www.policlinicogemelli.it\/?page_id=31037"},"modified":"2020-10-01T08:55:58","modified_gmt":"2020-10-01T08:55:58","slug":"il-percorso-dedicato-alla-persona-candidata-al-trapianto-di-rene","status":"publish","type":"page","link":"https:\/\/www.policlinicogemelli.it\/en\/patient-services\/care-pathways\/il-percorso-dedicato-alla-persona-candidata-al-trapianto-di-rene\/","title":{"rendered":"Il Percorso dedicato alla persona candidata al trapianto di rene"},"content":{"rendered":"\n<h2 class=\"wp-block-heading\">Il trapianto di rene<\/h2>\n\n\n\n<p>La Malattia Renale Cronica (MRC) \u00e8 tra le patologie individuate nel Piano Nazionale della Cronicit\u00e0 come quelle a maggior impatto sulla sanit\u00e0 Pubblica per rilevanza epidemiologica, gravit\u00e0, peso assistenziale ed economico. Spesso tale patologia coesiste con altre comorbidit\u00e0, come diabete mellito e malattie cardiovascolari e condivide con queste molti fattori di rischio con una tendenza intrinseca alla progressiva perdita della funzione renale, sino alla necessit\u00e0 di dialisi e trapianto.<\/p>\n\n\n\n<p>Il trapianto renale e in particolare quello da donatore vivente, \u00e8 considerato il trattamento di prima scelta per i pazienti che necessitano di terapia sostitutiva della funzione renale. L\u2019aspetto pi\u00f9 importante, in relazione alla migliore qualit\u00e0 dell\u2019organo donato, \u00e8 rappresentato dalla maggiore sopravvivenza del rene trapiantato, quasi il doppio rispetto a quella del trapianto da cadavere, in tutte le fasce di et\u00e0 considerate. Ulteriori vantaggi del trapianto da vivente sono: la programmabilit\u00e0 dell\u2019intervento, la possibilit\u00e0 di essere eseguito prima dell\u2019inizio della terapia dialitica, con riduzione dei tempi di attesa e conseguente impatto anche sul piano della sostenibilit\u00e0 economica e sociale.<\/p>\n\n\n\n<p>Attualmente tra i punti critici del meccanismo di donazione-trapianto a livello nazionale si osservano ancora inefficienze organizzative, soprattutto per i lunghi tempi medi di attesa che devono \u201csopportare\u201d i pazienti e che influiscono significativamente sia sui risultati del trapianto sia sullo sviluppo di eventuali comorbidit\u00e0.<\/p>\n\n\n\n<h2 class=\"wp-block-heading\">Il Percorso della Fondazione<\/h2>\n\n\n\n<p>Questo percorso implementa la procedura Fast Track per l\u2019inserimento in lista d\u2019attesa sia del paziente candidabile a trapianto di rene da donatore vivente, sia del potenziale donatore di rene vivente. Lo scopo di tale modalit\u00e0 gestionale \u00e8 facilitare l\u2019intero percorso ospedaliero a partire dall\u2019accesso mediante lo <strong>Sportello-Gemelli Trapianti di Rene<\/strong> fino alla valutazione multidisciplinare con il Chirurgo trapiantologo e con il Nefrologo presso l\u2019ambulatorio di percorso che permetter\u00e0 l\u2019identificazione precoce dei possibili candidati.<\/p>\n\n\n\n<p>L\u2019avvio immediato alla valutazione per la candidabilit\u00e0 al trapianto offrirebbe un pi\u00f9 rapido inserimento in lista d\u2019attesa aumentando le possibilit\u00e0 del trapianto pre-emptive, oltre che il tempo trascorso in lista di attesa potrebbe favorire la ricerca di un potenziale donatore vivente, soprattutto nei programmi di trapianto cross-over.<\/p>\n\n\n\n<h3 class=\"wp-block-heading\">Come contattare lo Sportello -Gemelli Trapianti di Rene<\/h3>\n\n\n\n<p>Lo Sportello &#8211; Gemelli Trapianti di Rene si pu\u00f2 contattare telefonicamente mediante il numero <a href=\"tel:+390630153341\" target=\"_blank\" class=\"kf-link normal no-underline\" rel=\"noreferrer noopener\">06 3015.3341<\/a> attivo dal luned\u00ec al venerd\u00ec dalle 9:00 alle 13:00, oppure tramite email scrivendo al seguendo indirizzo: <a class=\"kf-link italic no-underline\" href=\"mailto:malattiarenale.trapiantorene@policlinicogemelli.it\">malattiarenale.trapiantorene@policlinicogemelli.it<\/a><\/p>\n\n\n\n<p>I due Coordinatori del Percorso sono i professori <strong><a class=\"kf-link italic no-underline\" rel=\"noreferrer noopener\" aria-label=\" (opens in a new tab)\" href=\"https:\/\/www.policlinicogemelli.it\/medici\/prof-franco-citterio\/\" target=\"_blank\">Franco Citterio<\/a> <\/strong>Direttore della <a class=\"kf-link italic no-underline\" rel=\"noreferrer noopener\" aria-label=\"UOC Trapianti di rene (opens in a new tab)\" href=\"https:\/\/www.policlinicogemelli.it\/reparti\/trapianti-rene\/\" target=\"_blank\">UOC Trapianti di rene<\/a> e <strong><a class=\"kf-link italic no-underline\" rel=\"noreferrer noopener\" aria-label=\"Giuseppe Grandaliano (opens in a new tab)\" href=\"https:\/\/www.policlinicogemelli.it\/medici\/prof-giuseppe-grandaliano\/\" target=\"_blank\">Giuseppe Grandaliano<\/a><\/strong> Direttore della <a class=\"kf-link italic no-underline\" rel=\"noreferrer noopener\" aria-label=\"UOC di Nefrologia  (opens in a new tab)\" href=\"https:\/\/www.policlinicogemelli.it\/reparti\/nefrologia\/\" target=\"_blank\">UOC di Nefrologia<\/a>.<\/p>\n","protected":false},"excerpt":{"rendered":"<p>Il trapianto di rene La Malattia Renale Cronica (MRC) \u00e8 tra le patologie individuate nel Piano Nazionale della Cronicit\u00e0 come quelle a maggior impatto sulla sanit\u00e0 Pubblica per rilevanza epidemiologica, gravit\u00e0, peso assistenziale ed economico. Spesso tale patologia coesiste con altre comorbidit\u00e0, come diabete mellito e malattie cardiovascolari e condivide con queste molti fattori di [&hellip;]<\/p>\n","protected":false},"author":3,"featured_media":0,"parent":22236,"menu_order":0,"comment_status":"closed","ping_status":"closed","template":"templates\/page-kf-full.php","meta":{"_acf_changed":false,"_coblocks_attr":"","_coblocks_dimensions":"","_coblocks_responsive_height":"","_coblocks_accordion_ie_support":"","_genesis_hide_title":false,"_genesis_hide_breadcrumbs":false,"_genesis_hide_singular_image":false,"_genesis_hide_footer_widgets":false,"_genesis_custom_body_class":"","_genesis_custom_post_class":"","_genesis_layout":"","footnotes":""},"class_list":{"0":"post-31037","1":"page","2":"type-page","3":"status-publish","5":"entry"},"acf":[],"yoast_head":"<!-- This site is optimized with the Yoast SEO plugin v27.4 - https:\/\/yoast.com\/product\/yoast-seo-wordpress\/ -->\n<title>Il Percorso dedicato alla persona candidata al trapianto di rene - Policlinico Universitario Agostino Gemelli IRCCS<\/title>\n<meta name=\"robots\" content=\"index, follow, max-snippet:-1, max-image-preview:large, max-video-preview:-1\" \/>\n<link rel=\"canonical\" href=\"https:\/\/www.policlinicogemelli.it\/en\/patient-services\/care-pathways\/il-percorso-dedicato-alla-persona-candidata-al-trapianto-di-rene\/\" \/>\n<meta property=\"og:locale\" content=\"en_US\" \/>\n<meta property=\"og:type\" content=\"article\" \/>\n<meta property=\"og:title\" content=\"Il Percorso dedicato alla persona candidata al trapianto di rene - Policlinico Universitario Agostino Gemelli IRCCS\" \/>\n<meta property=\"og:description\" content=\"Il trapianto di rene La Malattia Renale Cronica (MRC) \u00e8 tra le patologie individuate nel Piano Nazionale della Cronicit\u00e0 come quelle a maggior impatto sulla sanit\u00e0 Pubblica per rilevanza epidemiologica, gravit\u00e0, peso assistenziale ed economico. Spesso tale patologia coesiste con altre comorbidit\u00e0, come diabete mellito e malattie cardiovascolari e condivide con queste molti fattori di [&hellip;]\" \/>\n<meta property=\"og:url\" content=\"https:\/\/www.policlinicogemelli.it\/en\/patient-services\/care-pathways\/il-percorso-dedicato-alla-persona-candidata-al-trapianto-di-rene\/\" \/>\n<meta property=\"og:site_name\" content=\"Policlinico Universitario Agostino Gemelli IRCCS\" \/>\n<meta property=\"article:modified_time\" content=\"2020-10-01T08:55:58+00:00\" \/>\n<meta property=\"og:image\" content=\"https:\/\/www.policlinicogemelli.it\/wp-content\/uploads\/2023\/06\/Share_Gemelli.png\" \/>\n\t<meta property=\"og:image:width\" content=\"1200\" \/>\n\t<meta property=\"og:image:height\" content=\"630\" \/>\n\t<meta property=\"og:image:type\" content=\"image\/png\" \/>\n<meta name=\"twitter:card\" content=\"summary_large_image\" \/>\n<meta name=\"twitter:label1\" content=\"Est. reading time\" \/>\n\t<meta name=\"twitter:data1\" content=\"2 minutes\" \/>\n<script type=\"application\/ld+json\" class=\"yoast-schema-graph\">{\"@context\":\"https:\\\/\\\/schema.org\",\"@graph\":[{\"@type\":\"WebPage\",\"@id\":\"https:\\\/\\\/www.policlinicogemelli.it\\\/en\\\/patient-services\\\/care-pathways\\\/il-percorso-dedicato-alla-persona-candidata-al-trapianto-di-rene\\\/\",\"url\":\"https:\\\/\\\/www.policlinicogemelli.it\\\/en\\\/patient-services\\\/care-pathways\\\/il-percorso-dedicato-alla-persona-candidata-al-trapianto-di-rene\\\/\",\"name\":\"Il Percorso dedicato alla persona candidata al trapianto di rene - Policlinico Universitario Agostino Gemelli IRCCS\",\"isPartOf\":{\"@id\":\"https:\\\/\\\/www.policlinicogemelli.it\\\/en\\\/#website\"},\"datePublished\":\"2020-10-01T08:43:59+00:00\",\"dateModified\":\"2020-10-01T08:55:58+00:00\",\"breadcrumb\":{\"@id\":\"https:\\\/\\\/www.policlinicogemelli.it\\\/en\\\/patient-services\\\/care-pathways\\\/il-percorso-dedicato-alla-persona-candidata-al-trapianto-di-rene\\\/#breadcrumb\"},\"inLanguage\":\"en-US\",\"potentialAction\":[{\"@type\":\"ReadAction\",\"target\":[\"https:\\\/\\\/www.policlinicogemelli.it\\\/en\\\/patient-services\\\/care-pathways\\\/il-percorso-dedicato-alla-persona-candidata-al-trapianto-di-rene\\\/\"]}]},{\"@type\":\"BreadcrumbList\",\"@id\":\"https:\\\/\\\/www.policlinicogemelli.it\\\/en\\\/patient-services\\\/care-pathways\\\/il-percorso-dedicato-alla-persona-candidata-al-trapianto-di-rene\\\/#breadcrumb\",\"itemListElement\":[{\"@type\":\"ListItem\",\"position\":1,\"name\":\"Home\",\"item\":\"https:\\\/\\\/www.policlinicogemelli.it\\\/en\\\/\"},{\"@type\":\"ListItem\",\"position\":2,\"name\":\"Patient Services\",\"item\":\"https:\\\/\\\/www.policlinicogemelli.it\\\/en\\\/patient-services\\\/\"},{\"@type\":\"ListItem\",\"position\":3,\"name\":\"Care pathways\",\"item\":\"https:\\\/\\\/www.policlinicogemelli.it\\\/en\\\/patient-services\\\/care-pathways\\\/\"},{\"@type\":\"ListItem\",\"position\":4,\"name\":\"Il Percorso dedicato alla persona candidata al trapianto di rene\"}]},{\"@type\":\"WebSite\",\"@id\":\"https:\\\/\\\/www.policlinicogemelli.it\\\/en\\\/#website\",\"url\":\"https:\\\/\\\/www.policlinicogemelli.it\\\/en\\\/\",\"name\":\"Policlinico Universitario Agostino Gemelli IRCCS\",\"description\":\"Policlinico Universitario Agostino Gemelli IRCCS\",\"publisher\":{\"@id\":\"https:\\\/\\\/www.policlinicogemelli.it\\\/en\\\/#organization\"},\"potentialAction\":[{\"@type\":\"SearchAction\",\"target\":{\"@type\":\"EntryPoint\",\"urlTemplate\":\"https:\\\/\\\/www.policlinicogemelli.it\\\/en\\\/?s={search_term_string}\"},\"query-input\":{\"@type\":\"PropertyValueSpecification\",\"valueRequired\":true,\"valueName\":\"search_term_string\"}}],\"inLanguage\":\"en-US\"},{\"@type\":\"Organization\",\"@id\":\"https:\\\/\\\/www.policlinicogemelli.it\\\/en\\\/#organization\",\"name\":\"Policlinico Universitario Agostino Gemelli IRCCS\",\"url\":\"https:\\\/\\\/www.policlinicogemelli.it\\\/en\\\/\",\"logo\":{\"@type\":\"ImageObject\",\"inLanguage\":\"en-US\",\"@id\":\"https:\\\/\\\/www.policlinicogemelli.it\\\/en\\\/#\\\/schema\\\/logo\\\/image\\\/\",\"url\":\"https:\\\/\\\/www.policlinicogemelli.it\\\/wp-content\\\/uploads\\\/2019\\\/02\\\/logo-policlinico-gemelli-250-trasp-color-1.png\",\"contentUrl\":\"https:\\\/\\\/www.policlinicogemelli.it\\\/wp-content\\\/uploads\\\/2019\\\/02\\\/logo-policlinico-gemelli-250-trasp-color-1.png\",\"width\":250,\"height\":82,\"caption\":\"Policlinico Universitario Agostino Gemelli IRCCS\"},\"image\":{\"@id\":\"https:\\\/\\\/www.policlinicogemelli.it\\\/en\\\/#\\\/schema\\\/logo\\\/image\\\/\"}}]}<\/script>\n<!-- \/ Yoast SEO plugin. -->","yoast_head_json":{"title":"Il Percorso dedicato alla persona candidata al trapianto di rene - Policlinico Universitario Agostino Gemelli IRCCS","robots":{"index":"index","follow":"follow","max-snippet":"max-snippet:-1","max-image-preview":"max-image-preview:large","max-video-preview":"max-video-preview:-1"},"canonical":"https:\/\/www.policlinicogemelli.it\/en\/patient-services\/care-pathways\/il-percorso-dedicato-alla-persona-candidata-al-trapianto-di-rene\/","og_locale":"en_US","og_type":"article","og_title":"Il Percorso dedicato alla persona candidata al trapianto di rene - Policlinico Universitario Agostino Gemelli IRCCS","og_description":"Il trapianto di rene La Malattia Renale Cronica (MRC) \u00e8 tra le patologie individuate nel Piano Nazionale della Cronicit\u00e0 come quelle a maggior impatto sulla sanit\u00e0 Pubblica per rilevanza epidemiologica, gravit\u00e0, peso assistenziale ed economico. Spesso tale patologia coesiste con altre comorbidit\u00e0, come diabete mellito e malattie cardiovascolari e condivide con queste molti fattori di [&hellip;]","og_url":"https:\/\/www.policlinicogemelli.it\/en\/patient-services\/care-pathways\/il-percorso-dedicato-alla-persona-candidata-al-trapianto-di-rene\/","og_site_name":"Policlinico Universitario Agostino Gemelli IRCCS","article_modified_time":"2020-10-01T08:55:58+00:00","og_image":[{"width":1200,"height":630,"url":"https:\/\/www.policlinicogemelli.it\/wp-content\/uploads\/2023\/06\/Share_Gemelli.png","type":"image\/png"}],"twitter_card":"summary_large_image","twitter_misc":{"Est. reading time":"2 minutes"},"schema":{"@context":"https:\/\/schema.org","@graph":[{"@type":"WebPage","@id":"https:\/\/www.policlinicogemelli.it\/en\/patient-services\/care-pathways\/il-percorso-dedicato-alla-persona-candidata-al-trapianto-di-rene\/","url":"https:\/\/www.policlinicogemelli.it\/en\/patient-services\/care-pathways\/il-percorso-dedicato-alla-persona-candidata-al-trapianto-di-rene\/","name":"Il Percorso dedicato alla persona candidata al trapianto di rene - Policlinico Universitario Agostino Gemelli IRCCS","isPartOf":{"@id":"https:\/\/www.policlinicogemelli.it\/en\/#website"},"datePublished":"2020-10-01T08:43:59+00:00","dateModified":"2020-10-01T08:55:58+00:00","breadcrumb":{"@id":"https:\/\/www.policlinicogemelli.it\/en\/patient-services\/care-pathways\/il-percorso-dedicato-alla-persona-candidata-al-trapianto-di-rene\/#breadcrumb"},"inLanguage":"en-US","potentialAction":[{"@type":"ReadAction","target":["https:\/\/www.policlinicogemelli.it\/en\/patient-services\/care-pathways\/il-percorso-dedicato-alla-persona-candidata-al-trapianto-di-rene\/"]}]},{"@type":"BreadcrumbList","@id":"https:\/\/www.policlinicogemelli.it\/en\/patient-services\/care-pathways\/il-percorso-dedicato-alla-persona-candidata-al-trapianto-di-rene\/#breadcrumb","itemListElement":[{"@type":"ListItem","position":1,"name":"Home","item":"https:\/\/www.policlinicogemelli.it\/en\/"},{"@type":"ListItem","position":2,"name":"Patient Services","item":"https:\/\/www.policlinicogemelli.it\/en\/patient-services\/"},{"@type":"ListItem","position":3,"name":"Care pathways","item":"https:\/\/www.policlinicogemelli.it\/en\/patient-services\/care-pathways\/"},{"@type":"ListItem","position":4,"name":"Il Percorso dedicato alla persona candidata al trapianto di rene"}]},{"@type":"WebSite","@id":"https:\/\/www.policlinicogemelli.it\/en\/#website","url":"https:\/\/www.policlinicogemelli.it\/en\/","name":"Policlinico Universitario Agostino Gemelli IRCCS","description":"Policlinico Universitario Agostino Gemelli IRCCS","publisher":{"@id":"https:\/\/www.policlinicogemelli.it\/en\/#organization"},"potentialAction":[{"@type":"SearchAction","target":{"@type":"EntryPoint","urlTemplate":"https:\/\/www.policlinicogemelli.it\/en\/?s={search_term_string}"},"query-input":{"@type":"PropertyValueSpecification","valueRequired":true,"valueName":"search_term_string"}}],"inLanguage":"en-US"},{"@type":"Organization","@id":"https:\/\/www.policlinicogemelli.it\/en\/#organization","name":"Policlinico Universitario Agostino Gemelli IRCCS","url":"https:\/\/www.policlinicogemelli.it\/en\/","logo":{"@type":"ImageObject","inLanguage":"en-US","@id":"https:\/\/www.policlinicogemelli.it\/en\/#\/schema\/logo\/image\/","url":"https:\/\/www.policlinicogemelli.it\/wp-content\/uploads\/2019\/02\/logo-policlinico-gemelli-250-trasp-color-1.png","contentUrl":"https:\/\/www.policlinicogemelli.it\/wp-content\/uploads\/2019\/02\/logo-policlinico-gemelli-250-trasp-color-1.png","width":250,"height":82,"caption":"Policlinico Universitario Agostino Gemelli IRCCS"},"image":{"@id":"https:\/\/www.policlinicogemelli.it\/en\/#\/schema\/logo\/image\/"}}]}},"featured_image_src":null,"featured_image_src_square":null,"rest_api_enabler":[],"_links":{"self":[{"href":"https:\/\/www.policlinicogemelli.it\/en\/wp-json\/wp\/v2\/pages\/31037","targetHints":{"allow":["GET"]}}],"collection":[{"href":"https:\/\/www.policlinicogemelli.it\/en\/wp-json\/wp\/v2\/pages"}],"about":[{"href":"https:\/\/www.policlinicogemelli.it\/en\/wp-json\/wp\/v2\/types\/page"}],"author":[{"embeddable":true,"href":"https:\/\/www.policlinicogemelli.it\/en\/wp-json\/wp\/v2\/users\/3"}],"replies":[{"embeddable":true,"href":"https:\/\/www.policlinicogemelli.it\/en\/wp-json\/wp\/v2\/comments?post=31037"}],"version-history":[{"count":0,"href":"https:\/\/www.policlinicogemelli.it\/en\/wp-json\/wp\/v2\/pages\/31037\/revisions"}],"up":[{"embeddable":true,"href":"https:\/\/www.policlinicogemelli.it\/en\/wp-json\/wp\/v2\/pages\/22236"}],"wp:attachment":[{"href":"https:\/\/www.policlinicogemelli.it\/en\/wp-json\/wp\/v2\/media?parent=31037"}],"curies":[{"name":"wp","href":"https:\/\/api.w.org\/{rel}","templated":true}]}}